{"id":21,"date":"2022-07-12T21:20:19","date_gmt":"2022-07-12T21:20:19","guid":{"rendered":"https:\/\/www.iisamaria.com\/?page_id=21"},"modified":"2024-11-15T14:04:17","modified_gmt":"2024-11-15T11:04:17","slug":"about-me","status":"publish","type":"page","link":"https:\/\/www.iisamaria.com\/?page_id=21","title":{"rendered":"ABOUT ME"},"content":{"rendered":"\n<div class=\"wp-block-media-text alignwide has-media-on-the-right is-stacked-on-mobile\"><div class=\"wp-block-media-text__content\">\n<p class=\"has-large-font-size\"><strong>Tervetuloa!<\/strong><\/p>\n\n\n\n<p><\/p>\n\n\n\n<p><\/p>\n\n\n\n<p>Olen Iisa, matkailua rakastava seikkailija. Maailmaa on ihana tutkia, ihastella ja ihmetell\u00e4. Nautin ymp\u00e4rill\u00e4ni olevien hetkien tallentamisesta v\u00e4litt\u00e4\u00e4kseni niiden tunnelman. L\u00e4hell\u00e4 syd\u00e4nt\u00e4ni ovat my\u00f6s luonto, ruoka ja musiikki. Minulla on matkailualan restonomin koulutus erikoistumisella markkinointiin ja valokuvaukseen. T\u00e4ss\u00e4 blogissa p\u00e4\u00e4set sukeltamaan el\u00e4m\u00e4nmakuisen matkailun maailmaan. Tervetuloa mukaan seuraamaan ja isnpiroitumaan! &lt;3<\/p>\n\n\n\n<p><\/p>\n\n\n\n<p>\u2013 Iisa Maria<\/p>\n<\/div><figure class=\"wp-block-media-text__media\"><img loading=\"lazy\" decoding=\"async\" width=\"779\" height=\"1024\" src=\"https:\/\/www.iisamaria.com\/wp-content\/uploads\/2022\/07\/Profiilikuva-1-779x1024.jpg\" alt=\"\" class=\"wp-image-50 size-full\" srcset=\"https:\/\/www.iisamaria.com\/wp-content\/uploads\/2022\/07\/Profiilikuva-1-779x1024.jpg 779w, https:\/\/www.iisamaria.com\/wp-content\/uploads\/2022\/07\/Profiilikuva-1-228x300.jpg 228w, https:\/\/www.iisamaria.com\/wp-content\/uploads\/2022\/07\/Profiilikuva-1-768x1010.jpg 768w, https:\/\/www.iisamaria.com\/wp-content\/uploads\/2022\/07\/Profiilikuva-1-1168x1536.jpg 1168w, https:\/\/www.iisamaria.com\/wp-content\/uploads\/2022\/07\/Profiilikuva-1-1558x2048.jpg 1558w, https:\/\/www.iisamaria.com\/wp-content\/uploads\/2022\/07\/Profiilikuva-1-1140x1499.jpg 1140w, https:\/\/www.iisamaria.com\/wp-content\/uploads\/2022\/07\/Profiilikuva-1-1920x2524.jpg 1920w, https:\/\/www.iisamaria.com\/wp-content\/uploads\/2022\/07\/Profiilikuva-1-scaled.jpg 1947w\" sizes=\"auto, (max-width: 779px) 100vw, 779px\" \/><\/figure><\/div>\n\n\n\n<p><\/p>\n","protected":false},"excerpt":{"rendered":"<p>Tervetuloa! Olen Iisa, matkailua rakastava seikkailija. Maailmaa on ihana tutkia, ihastella ja ihmetell\u00e4. Nautin ymp\u00e4rill\u00e4ni olevien hetkien tallentamisesta v\u00e4litt\u00e4\u00e4kseni niiden tunnelman. L\u00e4hell\u00e4 syd\u00e4nt\u00e4ni ovat my\u00f6s luonto, ruoka ja musiikki. Minulla on matkailualan restonomin koulutus erikoistumisella markkinointiin ja valokuvaukseen. T\u00e4ss\u00e4 blogissa p\u00e4\u00e4set sukeltamaan el\u00e4m\u00e4nmakuisen matkailun maailmaan. Tervetuloa mukaan seuraamaan ja isnpiroitumaan! &lt;3 \u2013 Iisa Maria<\/p>\n","protected":false},"author":1,"featured_media":312,"parent":0,"menu_order":0,"comment_status":"closed","ping_status":"closed","template":"","meta":{"footnotes":""},"class_list":["post-21","page","type-page","status-publish","has-post-thumbnail","hentry"],"acf":[],"_links":{"self":[{"href":"https:\/\/www.iisamaria.com\/index.php?rest_route=\/wp\/v2\/pages\/21","targetHints":{"allow":["GET"]}}],"collection":[{"href":"https:\/\/www.iisamaria.com\/index.php?rest_route=\/wp\/v2\/pages"}],"about":[{"href":"https:\/\/www.iisamaria.com\/index.php?rest_route=\/wp\/v2\/types\/page"}],"author":[{"embeddable":true,"href":"https:\/\/www.iisamaria.com\/index.php?rest_route=\/wp\/v2\/users\/1"}],"replies":[{"embeddable":true,"href":"https:\/\/www.iisamaria.com\/index.php?rest_route=%2Fwp%2Fv2%2Fcomments&post=21"}],"version-history":[{"count":23,"href":"https:\/\/www.iisamaria.com\/index.php?rest_route=\/wp\/v2\/pages\/21\/revisions"}],"predecessor-version":[{"id":1053,"href":"https:\/\/www.iisamaria.com\/index.php?rest_route=\/wp\/v2\/pages\/21\/revisions\/1053"}],"wp:featuredmedia":[{"embeddable":true,"href":"https:\/\/www.iisamaria.com\/index.php?rest_route=\/wp\/v2\/media\/312"}],"wp:attachment":[{"href":"https:\/\/www.iisamaria.com\/index.php?rest_route=%2Fwp%2Fv2%2Fmedia&parent=21"}],"curies":[{"name":"wp","href":"https:\/\/api.w.org\/{rel}","templated":true}]}}